{"id":2,"date":"2023-07-24T22:07:42","date_gmt":"2023-07-24T20:07:42","guid":{"rendered":"http:\/\/dadavroum.fr\/?page_id=2"},"modified":"2023-07-25T22:51:39","modified_gmt":"2023-07-25T20:51:39","slug":"dadavroum-devient-horsicar","status":"publish","type":"page","link":"https:\/\/dadavroum.fr\/","title":{"rendered":"Dadavroum devient Horsicar &#8211; location de camion et vans pour chevaux"},"content":{"rendered":"\n<h1 class=\"wp-block-heading has-text-align-left has-large-font-size\">Dadavroum.fr devient <a href=\"http:\/\/www.horsicar.com\" data-type=\"URL\" data-id=\"www.horsicar.com\">Horsicar.com<\/a><\/h1>\n\n\n\n<p class=\"has-medium-font-size\">Apr\u00e8s 7 ans de loyaux services, Dadavroum voyage \u00e0 son tour et devient Horsicar. Pour toutes vos recherches de locations de camions VL et vans pour chevaux, ou pour amortir votre v\u00e9hicule de transport d&rsquo;\u00e9quid\u00e9s, embarquons ensemble vers<a href=\"http:\/\/www.horsicar.com\">&nbsp;www.horsicar.com<\/a> \ud83d\udea6&nbsp;<\/p>\n\n\n\n<p class=\"has-medium-font-size\">\ud83d\udc0e Location de Camions VL pour Chevaux \ud83d\udc34 <br>\ud83d\ude9a Transport \u00c9quid\u00e9s \ud83c\udfc7<\/p>\n\n\n\n<p>Rendez-vous sur Horsicar pour d\u00e9couvrir plus de 500 v\u00e9hicules disponibles \u00e0 la location dans toute la France pour le transport de vos chevaux. Horsicar propose une offre tout inclus avec paiement s\u00e9curis\u00e9, contrat de location et contrat d&rsquo;assurance pour les particuliers et les professionnels. <\/p>\n\n\n\n<p>Vous souhaitez savoir quel van vous pouvez louer en fonction de votre permis et de votre voiture? Retrouvez la <a href=\"https:\/\/www.horsicar.com\/calculatrice-permis-van\" data-type=\"URL\" data-id=\"https:\/\/www.horsicar.com\/calculatrice-permis-van\">calculatrice permis van<\/a> qui vous permet de d\u00e9terminer quel van vous \u00eates autoris\u00e9 \u00e0 tracter en fonction de votre permis, du PTAC et du PTRA de votre voiture. <\/p>\n\n\n\n<p><\/p>\n","protected":false},"excerpt":{"rendered":"<p>Dadavroum.fr devient Horsicar.com Apr\u00e8s 7 ans de loyaux services, Dadavroum voyage \u00e0 son tour et devient Horsicar. Pour toutes vos recherches de locations de camions VL et vans pour chevaux, ou pour amortir votre v\u00e9hicule de transport d&rsquo;\u00e9quid\u00e9s, embarquons ensemble vers&nbsp;www.horsicar.com \ud83d\udea6&nbsp; \ud83d\udc0e Location de Camions VL pour Chevaux \ud83d\udc34 \ud83d\ude9a Transport \u00c9quid\u00e9s \ud83c\udfc7 Rendez-vous &hellip; <\/p>\n<p class=\"link-more\"><a href=\"https:\/\/dadavroum.fr\/\" class=\"more-link\">Continuer la lecture<span class=\"screen-reader-text\"> de &laquo;&nbsp;Dadavroum devient Horsicar &#8211; location de camion et vans pour chevaux&nbsp;&raquo;<\/span><\/a><\/p>\n","protected":false},"author":1,"featured_media":0,"parent":0,"menu_order":0,"comment_status":"closed","ping_status":"closed","template":"","meta":{"om_disable_all_campaigns":false,"_monsterinsights_skip_tracking":false,"_monsterinsights_sitenote_active":false,"_monsterinsights_sitenote_note":"","_monsterinsights_sitenote_category":0,"footnotes":""},"class_list":["post-2","page","type-page","status-publish","hentry"],"aioseo_notices":[],"_links":{"self":[{"href":"https:\/\/dadavroum.fr\/index.php\/wp-json\/wp\/v2\/pages\/2","targetHints":{"allow":["GET"]}}],"collection":[{"href":"https:\/\/dadavroum.fr\/index.php\/wp-json\/wp\/v2\/pages"}],"about":[{"href":"https:\/\/dadavroum.fr\/index.php\/wp-json\/wp\/v2\/types\/page"}],"author":[{"embeddable":true,"href":"https:\/\/dadavroum.fr\/index.php\/wp-json\/wp\/v2\/users\/1"}],"replies":[{"embeddable":true,"href":"https:\/\/dadavroum.fr\/index.php\/wp-json\/wp\/v2\/comments?post=2"}],"version-history":[{"count":10,"href":"https:\/\/dadavroum.fr\/index.php\/wp-json\/wp\/v2\/pages\/2\/revisions"}],"predecessor-version":[{"id":130,"href":"https:\/\/dadavroum.fr\/index.php\/wp-json\/wp\/v2\/pages\/2\/revisions\/130"}],"wp:attachment":[{"href":"https:\/\/dadavroum.fr\/index.php\/wp-json\/wp\/v2\/media?parent=2"}],"curies":[{"name":"wp","href":"https:\/\/api.w.org\/{rel}","templated":true}]}}